{"id":1856,"date":"2023-02-21T17:58:08","date_gmt":"2023-02-21T17:58:08","guid":{"rendered":"http:\/\/casabarca.com\/?page_id=1856"},"modified":"2023-07-31T18:18:54","modified_gmt":"2023-07-31T18:18:54","slug":"monte-altissimo-di-nago","status":"publish","type":"page","link":"https:\/\/www.casabarca.com\/de\/monte-altissimo-di-nago\/","title":{"rendered":"Monte altissimo di Nago"},"content":{"rendered":"<div data-elementor-type=\"wp-page\" data-elementor-id=\"1856\" class=\"elementor elementor-1856\" data-elementor-post-type=\"page\">\n\t\t\t\t\t\t<section class=\"elementor-section elementor-top-section elementor-element elementor-element-2a24358 elementor-section-height-min-height elementor-section-boxed elementor-section-height-default elementor-section-items-middle\" data-id=\"2a24358\" data-element_type=\"section\" data-e-type=\"section\" data-settings=\"{&quot;background_background&quot;:&quot;classic&quot;}\">\n\t\t\t\t\t\t<div class=\"elementor-container elementor-column-gap-default\">\n\t\t\t\t\t<div class=\"elementor-column elementor-col-100 elementor-top-column elementor-element elementor-element-2dc28c8\" data-id=\"2dc28c8\" data-element_type=\"column\" data-e-type=\"column\">\n\t\t\t<div class=\"elementor-widget-wrap elementor-element-populated\">\n\t\t\t\t\t\t<div class=\"elementor-element elementor-element-e4ed157 elementor-invisible elementor-widget elementor-widget-heading\" data-id=\"e4ed157\" data-element_type=\"widget\" data-e-type=\"widget\" data-settings=\"{&quot;_animation&quot;:&quot;fadeIn&quot;}\" data-widget_type=\"heading.default\">\n\t\t\t\t\t<h1 class=\"elementor-heading-title elementor-size-default\">Monte altissimo di Nago<br>Wellness Hotel Casa Barca<\/h1>\t\t\t\t<\/div>\n\t\t\t\t\t<\/div>\n\t\t<\/div>\n\t\t\t\t\t<\/div>\n\t\t<\/section>\n\t\t\t\t<section class=\"elementor-section elementor-top-section elementor-element elementor-element-794bd54 elementor-section-height-full elementor-section-full_width elementor-section-height-default elementor-section-items-middle elementor-invisible\" data-id=\"794bd54\" data-element_type=\"section\" data-e-type=\"section\" data-settings=\"{&quot;background_background&quot;:&quot;classic&quot;,&quot;animation&quot;:&quot;fadeInLeft&quot;}\">\n\t\t\t\t\t\t<div class=\"elementor-container elementor-column-gap-no\">\n\t\t\t\t\t<div class=\"elementor-column elementor-col-66 elementor-top-column elementor-element elementor-element-eeb6640\" data-id=\"eeb6640\" data-element_type=\"column\" data-e-type=\"column\" data-settings=\"{&quot;background_background&quot;:&quot;classic&quot;}\">\n\t\t\t<div class=\"elementor-widget-wrap elementor-element-populated\">\n\t\t\t\t\t\t<div class=\"elementor-element elementor-element-131e7fb elementor-widget elementor-widget-spacer\" data-id=\"131e7fb\" data-element_type=\"widget\" data-e-type=\"widget\" data-widget_type=\"spacer.default\">\n\t\t\t\t\t\t\t<div class=\"elementor-spacer\">\n\t\t\t<div class=\"elementor-spacer-inner\"><\/div>\n\t\t<\/div>\n\t\t\t\t\t\t<\/div>\n\t\t\t\t\t<\/div>\n\t\t<\/div>\n\t\t\t\t<div class=\"elementor-column elementor-col-33 elementor-top-column elementor-element elementor-element-2ce100b\" data-id=\"2ce100b\" data-element_type=\"column\" data-e-type=\"column\" data-settings=\"{&quot;background_background&quot;:&quot;classic&quot;}\">\n\t\t\t<div class=\"elementor-widget-wrap elementor-element-populated\">\n\t\t\t\t\t\t<section class=\"elementor-section elementor-inner-section elementor-element elementor-element-f67859d elementor-section-boxed elementor-section-height-default elementor-section-height-default\" data-id=\"f67859d\" data-element_type=\"section\" data-e-type=\"section\">\n\t\t\t\t\t\t<div class=\"elementor-container elementor-column-gap-default\">\n\t\t\t\t\t<div class=\"elementor-column elementor-col-100 elementor-inner-column elementor-element elementor-element-7f33356\" data-id=\"7f33356\" data-element_type=\"column\" data-e-type=\"column\">\n\t\t\t<div class=\"elementor-widget-wrap elementor-element-populated\">\n\t\t\t\t\t\t<div class=\"elementor-element elementor-element-98581e7 elementor-widget elementor-widget-heading\" data-id=\"98581e7\" data-element_type=\"widget\" data-e-type=\"widget\" data-widget_type=\"heading.default\">\n\t\t\t\t\t<h1 class=\"elementor-heading-title elementor-size-default\">Monte altissimo di Nago<\/h1>\t\t\t\t<\/div>\n\t\t\t\t<div class=\"elementor-element elementor-element-063da1a elementor-widget elementor-widget-text-editor\" data-id=\"063da1a\" data-element_type=\"widget\" data-e-type=\"widget\" data-widget_type=\"text-editor.default\">\n\t\t\t\t\t\t\t\t\t<p>In der N\u00e4he des Gardasees befindet sich der Berg \"Monte Altissimo di Nago\", ein unverzichtbares Ziel f\u00fcr Natur- und Sportliebhaber. Dieser majest\u00e4tische Berg bietet einen spektakul\u00e4ren Blick auf die K\u00fcste des Gardasees.<\/p><p>Der Monte Altissimo di Nago ist ein idealer Ort f\u00fcr Outdoor-Aktivit\u00e4ten und eignet sich hervorragend zum Wandern, Trekking und Mountainbiken.<\/p>\t\t\t\t\t\t\t\t<\/div>\n\t\t\t\t\t<\/div>\n\t\t<\/div>\n\t\t\t\t\t<\/div>\n\t\t<\/section>\n\t\t\t\t\t<\/div>\n\t\t<\/div>\n\t\t\t\t\t<\/div>\n\t\t<\/section>\n\t\t\t\t<\/div>","protected":false},"excerpt":{"rendered":"<p>Monte altissimo di NagoWellness Hotel Casa Barca Monte altissimo di Nago Situato nei pressi del lago di Garda, il Monte Altissimo di Nago \u00e8 una meta imperdibile per gli amanti della natura e delle attivit\u00e0 all&#8217;aria aperta. Questo maestoso monte offre una vista spettacolare sulla costa del lago di Garda, con panorami che lasciano senza [&hellip;]<\/p>\n","protected":false},"author":1,"featured_media":0,"parent":0,"menu_order":0,"comment_status":"closed","ping_status":"closed","template":"","meta":{"inline_featured_image":false,"footnotes":""},"class_list":["post-1856","page","type-page","status-publish","hentry"],"_links":{"self":[{"href":"https:\/\/www.casabarca.com\/de\/wp-json\/wp\/v2\/pages\/1856","targetHints":{"allow":["GET"]}}],"collection":[{"href":"https:\/\/www.casabarca.com\/de\/wp-json\/wp\/v2\/pages"}],"about":[{"href":"https:\/\/www.casabarca.com\/de\/wp-json\/wp\/v2\/types\/page"}],"author":[{"embeddable":true,"href":"https:\/\/www.casabarca.com\/de\/wp-json\/wp\/v2\/users\/1"}],"replies":[{"embeddable":true,"href":"https:\/\/www.casabarca.com\/de\/wp-json\/wp\/v2\/comments?post=1856"}],"version-history":[{"count":0,"href":"https:\/\/www.casabarca.com\/de\/wp-json\/wp\/v2\/pages\/1856\/revisions"}],"wp:attachment":[{"href":"https:\/\/www.casabarca.com\/de\/wp-json\/wp\/v2\/media?parent=1856"}],"curies":[{"name":"wp","href":"https:\/\/api.w.org\/{rel}","templated":true}]}}