{"id":1857,"date":"2023-02-21T17:58:16","date_gmt":"2023-02-21T17:58:16","guid":{"rendered":"http:\/\/casabarca.com\/?page_id=1857"},"modified":"2023-08-05T08:53:07","modified_gmt":"2023-08-05T08:53:07","slug":"monte-baldo","status":"publish","type":"page","link":"https:\/\/www.casabarca.com\/de\/monte-baldo\/","title":{"rendered":"Monte Baldo"},"content":{"rendered":"<div data-elementor-type=\"wp-page\" data-elementor-id=\"1857\" class=\"elementor elementor-1857\" data-elementor-post-type=\"page\">\n\t\t\t\t\t\t<section class=\"elementor-section elementor-top-section elementor-element elementor-element-2a24358 elementor-section-height-min-height elementor-section-boxed elementor-section-height-default elementor-section-items-middle\" data-id=\"2a24358\" data-element_type=\"section\" data-e-type=\"section\" data-settings=\"{&quot;background_background&quot;:&quot;classic&quot;}\">\n\t\t\t\t\t\t<div class=\"elementor-container elementor-column-gap-default\">\n\t\t\t\t\t<div class=\"elementor-column elementor-col-100 elementor-top-column elementor-element elementor-element-2dc28c8\" data-id=\"2dc28c8\" data-element_type=\"column\" data-e-type=\"column\">\n\t\t\t<div class=\"elementor-widget-wrap elementor-element-populated\">\n\t\t\t\t\t\t<div class=\"elementor-element elementor-element-e4ed157 elementor-invisible elementor-widget elementor-widget-heading\" data-id=\"e4ed157\" data-element_type=\"widget\" data-e-type=\"widget\" data-settings=\"{&quot;_animation&quot;:&quot;fadeIn&quot;}\" data-widget_type=\"heading.default\">\n\t\t\t\t\t<h1 class=\"elementor-heading-title elementor-size-default\">Monte Baldo<br>Wellness Hotel Casa Barca<\/h1>\t\t\t\t<\/div>\n\t\t\t\t\t<\/div>\n\t\t<\/div>\n\t\t\t\t\t<\/div>\n\t\t<\/section>\n\t\t\t\t<section class=\"elementor-section elementor-top-section elementor-element elementor-element-794bd54 elementor-section-height-full elementor-section-full_width elementor-section-height-default elementor-section-items-middle elementor-invisible\" data-id=\"794bd54\" data-element_type=\"section\" data-e-type=\"section\" data-settings=\"{&quot;background_background&quot;:&quot;classic&quot;,&quot;animation&quot;:&quot;fadeInLeft&quot;}\">\n\t\t\t\t\t\t<div class=\"elementor-container elementor-column-gap-no\">\n\t\t\t\t\t<div class=\"elementor-column elementor-col-66 elementor-top-column elementor-element elementor-element-eeb6640\" data-id=\"eeb6640\" data-element_type=\"column\" data-e-type=\"column\" data-settings=\"{&quot;background_background&quot;:&quot;classic&quot;}\">\n\t\t\t<div class=\"elementor-widget-wrap elementor-element-populated\">\n\t\t\t\t\t\t<div class=\"elementor-element elementor-element-131e7fb elementor-widget elementor-widget-spacer\" data-id=\"131e7fb\" data-element_type=\"widget\" data-e-type=\"widget\" data-widget_type=\"spacer.default\">\n\t\t\t\t\t\t\t<div class=\"elementor-spacer\">\n\t\t\t<div class=\"elementor-spacer-inner\"><\/div>\n\t\t<\/div>\n\t\t\t\t\t\t<\/div>\n\t\t\t\t\t<\/div>\n\t\t<\/div>\n\t\t\t\t<div class=\"elementor-column elementor-col-33 elementor-top-column elementor-element elementor-element-2ce100b\" data-id=\"2ce100b\" data-element_type=\"column\" data-e-type=\"column\" data-settings=\"{&quot;background_background&quot;:&quot;classic&quot;}\">\n\t\t\t<div class=\"elementor-widget-wrap elementor-element-populated\">\n\t\t\t\t\t\t<section class=\"elementor-section elementor-inner-section elementor-element elementor-element-f67859d elementor-section-boxed elementor-section-height-default elementor-section-height-default\" data-id=\"f67859d\" data-element_type=\"section\" data-e-type=\"section\">\n\t\t\t\t\t\t<div class=\"elementor-container elementor-column-gap-default\">\n\t\t\t\t\t<div class=\"elementor-column elementor-col-100 elementor-inner-column elementor-element elementor-element-7f33356\" data-id=\"7f33356\" data-element_type=\"column\" data-e-type=\"column\">\n\t\t\t<div class=\"elementor-widget-wrap elementor-element-populated\">\n\t\t\t\t\t\t<div class=\"elementor-element elementor-element-98581e7 elementor-widget elementor-widget-heading\" data-id=\"98581e7\" data-element_type=\"widget\" data-e-type=\"widget\" data-widget_type=\"heading.default\">\n\t\t\t\t\t<h1 class=\"elementor-heading-title elementor-size-default\">Monte Baldo<\/h1>\t\t\t\t<\/div>\n\t\t\t\t<div class=\"elementor-element elementor-element-c223f9e elementor-widget elementor-widget-text-editor\" data-id=\"c223f9e\" data-element_type=\"widget\" data-e-type=\"widget\" data-widget_type=\"text-editor.default\">\n\t\t\t\t\t\t\t\t\t<p>Der<strong>\u00a0Monte Baldo\u00a0<\/strong>erhebt sich hinter Malcesine. Der m\u00e4chtige Berg scheint als w\u00fcrde er aus dem Gardasee herausragen.<\/p><p>Die Felsenw\u00e4nde und Bergh\u00e4nge sind steil und so ist der H\u00f6henunterschied zwischen dem Berggipfel und dem Seeufer besonders gro\u00df.<\/p><p class=\"translation-block\">Die <strong>Seilbahn des Monte Baldo<\/strong> f\u00e4hrt vom <strong>Zentrum von Malcesine bis auf den Gipfel<\/strong> und \u00fcberwindet in <strong>wenigen Minuten<\/strong> eine H\u00f6he von 90 Metern bis zu 1760 Metern. An ihrem h\u00f6chsten Punkt erreicht der Baldo 2218 m.<\/p><p class=\"translation-block\">Die <strong>Panoramaseilbahn<\/strong> des Baldo ist mit rotierenden Kabinen ausgestattet, die eine <strong>360\u00b0-Aussicht<\/strong> erm\u00f6glichen. Der Blick erstreckt sich \u00fcber den Gardasee, die D\u00e4cher von Malcesine und die Alpen. Ein Erlebnis, das man nicht verpassen sollte!<\/p><p><em>Um Warteschlangen am Start der Seilbahn zu vermeiden,\u00a0<\/em><em><strong>kaufen Sie das Ticket an der Rezeption.<\/strong>.<\/em><\/p>\t\t\t\t\t\t\t\t<\/div>\n\t\t\t\t\t<\/div>\n\t\t<\/div>\n\t\t\t\t\t<\/div>\n\t\t<\/section>\n\t\t\t\t\t<\/div>\n\t\t<\/div>\n\t\t\t\t\t<\/div>\n\t\t<\/section>\n\t\t\t\t<\/div>","protected":false},"excerpt":{"rendered":"<p>Monte BaldoWellness Hotel Casa Barca Monte Baldo Il\u00a0Monte Baldo\u00a0abbraccia Malcesine fino a tuffarsi nelle acque cristalline del\u00a0Lago di Garda. Un\u00a0grande dislivello separa, in pochi chilometri, il centro abitato adagiato sulla sponda del Lago e la montagna che lo protegge. La\u00a0funivia del Monte Baldo\u00a0va\u00a0dal\u00a0centro\u00a0di Malcesine alla cima, passando in\u00a0pochi minuti\u00a0da 90 metri di altitudine a 1760 [&hellip;]<\/p>\n","protected":false},"author":1,"featured_media":0,"parent":0,"menu_order":0,"comment_status":"closed","ping_status":"closed","template":"","meta":{"inline_featured_image":false,"footnotes":""},"class_list":["post-1857","page","type-page","status-publish","hentry"],"_links":{"self":[{"href":"https:\/\/www.casabarca.com\/de\/wp-json\/wp\/v2\/pages\/1857","targetHints":{"allow":["GET"]}}],"collection":[{"href":"https:\/\/www.casabarca.com\/de\/wp-json\/wp\/v2\/pages"}],"about":[{"href":"https:\/\/www.casabarca.com\/de\/wp-json\/wp\/v2\/types\/page"}],"author":[{"embeddable":true,"href":"https:\/\/www.casabarca.com\/de\/wp-json\/wp\/v2\/users\/1"}],"replies":[{"embeddable":true,"href":"https:\/\/www.casabarca.com\/de\/wp-json\/wp\/v2\/comments?post=1857"}],"version-history":[{"count":0,"href":"https:\/\/www.casabarca.com\/de\/wp-json\/wp\/v2\/pages\/1857\/revisions"}],"wp:attachment":[{"href":"https:\/\/www.casabarca.com\/de\/wp-json\/wp\/v2\/media?parent=1857"}],"curies":[{"name":"wp","href":"https:\/\/api.w.org\/{rel}","templated":true}]}}